{"id":134,"date":"2024-04-18T15:59:27","date_gmt":"2024-04-18T13:59:27","guid":{"rendered":"https:\/\/sandradelruevb.com\/?page_id=134"},"modified":"2024-04-19T12:30:28","modified_gmt":"2024-04-19T10:30:28","slug":"comment-reserver","status":"publish","type":"page","link":"https:\/\/sandradelruevb.com\/index.php\/comment-reserver\/","title":{"rendered":"Comment r\u00e9server ?"},"content":{"rendered":"\n<p><\/p>\n\n\n\n<h2 class=\"wp-block-heading\">R\u00e9servation<\/h2>\n\n\n\n<p>Vous pouvez r\u00e9server directement via la plateforme r\u00e9salib <strong>: <a href=\"http:\/\/resalib.fr\/p\/65822\">http:\/\/resalib.fr\/p\/65822<\/a> <\/strong><\/p>\n\n\n\n<p>ou par t\u00e9l\u00e9phone : 06.10.39.75.08<\/p>\n\n\n\n<p><\/p>\n","protected":false},"excerpt":{"rendered":"<p>R\u00e9servation Vous pouvez r\u00e9server directement via la plateforme r\u00e9salib : http:\/\/resalib.fr\/p\/65822 ou par t\u00e9l\u00e9phone : 06.10.39.75.08<\/p>\n","protected":false},"author":1,"featured_media":0,"parent":0,"menu_order":0,"comment_status":"closed","ping_status":"closed","template":"","meta":{"footnotes":""},"_links":{"self":[{"href":"https:\/\/sandradelruevb.com\/index.php\/wp-json\/wp\/v2\/pages\/134"}],"collection":[{"href":"https:\/\/sandradelruevb.com\/index.php\/wp-json\/wp\/v2\/pages"}],"about":[{"href":"https:\/\/sandradelruevb.com\/index.php\/wp-json\/wp\/v2\/types\/page"}],"author":[{"embeddable":true,"href":"https:\/\/sandradelruevb.com\/index.php\/wp-json\/wp\/v2\/users\/1"}],"replies":[{"embeddable":true,"href":"https:\/\/sandradelruevb.com\/index.php\/wp-json\/wp\/v2\/comments?post=134"}],"version-history":[{"count":3,"href":"https:\/\/sandradelruevb.com\/index.php\/wp-json\/wp\/v2\/pages\/134\/revisions"}],"predecessor-version":[{"id":145,"href":"https:\/\/sandradelruevb.com\/index.php\/wp-json\/wp\/v2\/pages\/134\/revisions\/145"}],"wp:attachment":[{"href":"https:\/\/sandradelruevb.com\/index.php\/wp-json\/wp\/v2\/media?parent=134"}],"curies":[{"name":"wp","href":"https:\/\/api.w.org\/{rel}","templated":true}]}}