{"id":56,"date":"2022-03-29T14:50:04","date_gmt":"2022-03-29T12:50:04","guid":{"rendered":"http:\/\/sandradelruevb.com\/?page_id=56"},"modified":"2024-04-18T16:40:16","modified_gmt":"2024-04-18T14:40:16","slug":"pourquoi-consulter","status":"publish","type":"page","link":"https:\/\/sandradelruevb.com\/index.php\/pourquoi-consulter\/","title":{"rendered":"Pourquoi consulter ?"},"content":{"rendered":"\n<p>Toutes les techniques avec lesquelles je travaille permettent d&#8217;\u00eatre la meilleure version de vous m\u00eame, d&#8217;aller sur le chemin vers vous-m\u00eame. <br>Elles sont notamment conseill\u00e9s dans les cas suivants (liste non exhaustive) : <\/p>\n\n\n\n<ul>\n<li>troubles du sommeil <\/li>\n\n\n\n<li>angoisses, anxi\u00e9t\u00e9, crises de panique<\/li>\n\n\n\n<li>stress, gestion du stress<\/li>\n\n\n\n<li>manifestations \u00e9motionnelles d&#8217;une tr\u00e8s forte intensit\u00e9 -> gestion des \u00e9motions<\/li>\n\n\n\n<li>douleurs physiques non expliqu\u00e9es (comme pour tout autre motif, une consultation chez votre m\u00e9decin traitant ou chez un sp\u00e9cialiste est n\u00e9cessaire)<\/li>\n\n\n\n<li>troubles digestifs<\/li>\n\n\n\n<li>probl\u00e8mes de peau (ecz\u00e9ma, psoriasis, etc.)<\/li>\n\n\n\n<li>manque de confiance<\/li>\n\n\n\n<li>manque d&#8217;estime de soi<\/li>\n\n\n\n<li>besoin de trouver et prendre sa place<\/li>\n\n\n\n<li>difficult\u00e9s \u00e0 concevoir (fertilit\u00e9 ; st\u00e9rilit\u00e9 ; accompagnement parcours PMA)<\/li>\n\n\n\n<li>comportement compulsifs (nourriture, tabac, etc.) <\/li>\n\n\n\n<li>TOCs<\/li>\n\n\n\n<li>deuil\/perte d&#8217;un proche<\/li>\n\n\n\n<li>trac<\/li>\n\n\n\n<li>am\u00e9lioration des performances sportives et cognitives, pr\u00e9paration examens, etc.<\/li>\n\n\n\n<li>blocages et douleurs corporels inexpliqu\u00e9s<\/li>\n\n\n\n<li>arr\u00eat de tabac<\/li>\n\n\n\n<li>accompagnement minceur <\/li>\n\n\n\n<li>phobies (avions, animaux, espaces clos, hauteur, etc.)<\/li>\n\n\n\n<li>phobie scolaire<\/li>\n\n\n\n<li>&#8230; liste non exhaustive : parlons-en : 06.10.39.75.08 <\/li>\n<\/ul>\n\n\n\n<p><strong>Important<\/strong> : Une s\u00e9ance d&#8217;hypnose\/d&#8217;EFT\/d&#8217;outils de kin\u00e9siologie, de r\u00e9flexologie cr\u00e2nio-sacr\u00e9e ne remplace pas une consultation avec votre m\u00e9decin traitant et\/ou un m\u00e9decin sp\u00e9cialiste. <\/p>\n\n\n\n<p>Je ne suis&nbsp;ni m\u00e9decin, ni psychologue, ni psychiatre, ni psychoth\u00e9rapeute. Je ne pose donc pas de diagnostics, ne soigne pas et ne gu\u00e9ris pas. Mes prestations ne pr\u00e9tendent en aucun cas se substituer \u00e0 un acte m\u00e9dical ou \u00e0 des prescriptions m\u00e9dicamenteuses. Toute question relevant du domaine m\u00e9dical est \u00e0 poser \u00e0 votre m\u00e9decin traitant.<\/p>\n","protected":false},"excerpt":{"rendered":"<p>Toutes les techniques avec lesquelles je travaille permettent d&#8217;\u00eatre la meilleure version de vous m\u00eame, d&#8217;aller sur le chemin vers vous-m\u00eame. Elles sont notamment conseill\u00e9s dans les cas suivants (liste non exhaustive) : Important : Une s\u00e9ance d&#8217;hypnose\/d&#8217;EFT\/d&#8217;outils de kin\u00e9siologie, de r\u00e9flexologie cr\u00e2nio-sacr\u00e9e ne remplace pas une consultation avec votre m\u00e9decin traitant et\/ou un m\u00e9decin &hellip; <\/p>\n<p class=\"link-more\"><a href=\"https:\/\/sandradelruevb.com\/index.php\/pourquoi-consulter\/\" class=\"more-link\">Continue reading<span class=\"screen-reader-text\"> &#8220;Pourquoi consulter ?&#8221;<\/span><\/a><\/p>\n","protected":false},"author":1,"featured_media":0,"parent":0,"menu_order":0,"comment_status":"closed","ping_status":"closed","template":"","meta":{"footnotes":""},"_links":{"self":[{"href":"https:\/\/sandradelruevb.com\/index.php\/wp-json\/wp\/v2\/pages\/56"}],"collection":[{"href":"https:\/\/sandradelruevb.com\/index.php\/wp-json\/wp\/v2\/pages"}],"about":[{"href":"https:\/\/sandradelruevb.com\/index.php\/wp-json\/wp\/v2\/types\/page"}],"author":[{"embeddable":true,"href":"https:\/\/sandradelruevb.com\/index.php\/wp-json\/wp\/v2\/users\/1"}],"replies":[{"embeddable":true,"href":"https:\/\/sandradelruevb.com\/index.php\/wp-json\/wp\/v2\/comments?post=56"}],"version-history":[{"count":5,"href":"https:\/\/sandradelruevb.com\/index.php\/wp-json\/wp\/v2\/pages\/56\/revisions"}],"predecessor-version":[{"id":141,"href":"https:\/\/sandradelruevb.com\/index.php\/wp-json\/wp\/v2\/pages\/56\/revisions\/141"}],"wp:attachment":[{"href":"https:\/\/sandradelruevb.com\/index.php\/wp-json\/wp\/v2\/media?parent=56"}],"curies":[{"name":"wp","href":"https:\/\/api.w.org\/{rel}","templated":true}]}}