{"id":7,"date":"2022-03-29T11:07:31","date_gmt":"2022-03-29T09:07:31","guid":{"rendered":"http:\/\/sandradelruevb.com\/?page_id=7"},"modified":"2024-04-18T15:09:08","modified_gmt":"2024-04-18T13:09:08","slug":"about","status":"publish","type":"page","link":"https:\/\/sandradelruevb.com\/","title":{"rendered":"Mes pratiques"},"content":{"rendered":"\n<h2 class=\"wp-block-heading\">Mes pratiques<\/h2>\n\n\n\n<p>Je vous accompagne en utilisant diff\u00e9rents outils : <\/p>\n\n\n\n<p><strong>L&#8217;hypnose<\/strong>, des outils de la <strong>kin\u00e9siologie<\/strong> (notamment &#8220;Sant\u00e9 par le Toucher, les R\u00e9flexes Archa\u00efques et Edu-Kin\u00e9siologie), <strong>la r\u00e9flexologie cr\u00e2nio-sacr\u00e9e <\/strong>et <strong>l&#8217;EFT<\/strong>. <\/p>\n\n\n\n<p>Ceci pour vous aider \u00e0 vous lib\u00e9rer de ce qui vous emp\u00eache d&#8217;\u00eatre comme vous voudrez. Nous pouvons travailler sur les maux physiques ou \u00e9motionnels.<\/p>\n\n\n\n<p>Au cours d&#8217;une m\u00eame s\u00e9ance, plusieurs de ces techniques peuvent \u00eatre utilis\u00e9es pour aller sur votre chemin de lib\u00e9ration. C&#8217;est en fonction de vous, de votre corps, de votre sph\u00e8re \u00e9motionnelle et de vos besoins. <br>Il est aussi possible de travailler qu&#8217;avec une seule technique (comme l&#8217;hypnose , ou les outils de la kin\u00e9siologie par exemple), \u00e9galement en fonction de vous, de vos souhaits et besoins. <\/p>\n\n\n\n<p>Je propose \u00e9galement des s\u00e9ances <strong>Access Facelift<\/strong> (R) qui permettent d&#8217;estomper les signes de l&#8217;\u00e2ge et de redonner \u00e9clat et jeunesse \u00e0 votre visage par un toucher doux sans avoir recours \u00e0 des produits.<\/p>\n","protected":false},"excerpt":{"rendered":"<p>Mes pratiques Je vous accompagne en utilisant diff\u00e9rents outils : L&#8217;hypnose, des outils de la kin\u00e9siologie (notamment &#8220;Sant\u00e9 par le Toucher, les R\u00e9flexes Archa\u00efques et Edu-Kin\u00e9siologie), la r\u00e9flexologie cr\u00e2nio-sacr\u00e9e et l&#8217;EFT. Ceci pour vous aider \u00e0 vous lib\u00e9rer de ce qui vous emp\u00eache d&#8217;\u00eatre comme vous voudrez. Nous pouvons travailler sur les maux physiques ou &hellip; <\/p>\n<p class=\"link-more\"><a href=\"https:\/\/sandradelruevb.com\/\" class=\"more-link\">Continue reading<span class=\"screen-reader-text\"> &#8220;Mes pratiques&#8221;<\/span><\/a><\/p>\n","protected":false},"author":1,"featured_media":0,"parent":0,"menu_order":0,"comment_status":"closed","ping_status":"closed","template":"","meta":{"footnotes":""},"_links":{"self":[{"href":"https:\/\/sandradelruevb.com\/index.php\/wp-json\/wp\/v2\/pages\/7"}],"collection":[{"href":"https:\/\/sandradelruevb.com\/index.php\/wp-json\/wp\/v2\/pages"}],"about":[{"href":"https:\/\/sandradelruevb.com\/index.php\/wp-json\/wp\/v2\/types\/page"}],"author":[{"embeddable":true,"href":"https:\/\/sandradelruevb.com\/index.php\/wp-json\/wp\/v2\/users\/1"}],"replies":[{"embeddable":true,"href":"https:\/\/sandradelruevb.com\/index.php\/wp-json\/wp\/v2\/comments?post=7"}],"version-history":[{"count":7,"href":"https:\/\/sandradelruevb.com\/index.php\/wp-json\/wp\/v2\/pages\/7\/revisions"}],"predecessor-version":[{"id":116,"href":"https:\/\/sandradelruevb.com\/index.php\/wp-json\/wp\/v2\/pages\/7\/revisions\/116"}],"wp:attachment":[{"href":"https:\/\/sandradelruevb.com\/index.php\/wp-json\/wp\/v2\/media?parent=7"}],"curies":[{"name":"wp","href":"https:\/\/api.w.org\/{rel}","templated":true}]}}