{"id":91,"date":"2022-06-16T13:58:57","date_gmt":"2022-06-16T11:58:57","guid":{"rendered":"http:\/\/sandradelruevb.com\/?page_id=91"},"modified":"2022-06-16T13:59:44","modified_gmt":"2022-06-16T11:59:44","slug":"mentions-legales","status":"publish","type":"page","link":"https:\/\/sandradelruevb.com\/index.php\/mentions-legales\/","title":{"rendered":"Mentions l\u00e9gales"},"content":{"rendered":"\n<p>(c) Ce site a \u00e9t\u00e9 r\u00e9dig\u00e9 par Sandra Delrue VB en 2022. <\/p>\n\n\n\n<p><strong>L&#8217;entreprise : <\/strong><\/p>\n\n\n\n<p>Sandra Von Barany, 77, rue Vauban \u00e0 59100 Roubaix. Micro-entreprise EI. Num\u00e9ro de SIREN : 903 499 689 00011<\/p>\n\n\n\n<p><strong>M\u00e9diation :<\/strong> <\/p>\n\n\n\n<p>Conform\u00e9ment \u00e0 l\u2019article L. 612-1 du Code de la consommation, le consommateur, sous r\u00e9serve de l\u2019article L.152-2 du code de la consommation, a la facult\u00e9 d\u2019introduire une demande de r\u00e9solution amiable par voie de m\u00e9diation, aupr\u00e8s de\u00a0: SAS M\u00e9diation Solution,222 chemin de la bergerie 01800 Saint Jean de Niostwww.sasmediationsolution-conso.fr \u00a0<\/p>\n\n\n\n<p><strong>\u00c9thique et d\u00e9ontologie<\/strong><\/p>\n\n\n\n<p>Sandra DELRUE VB est adh\u00e9rente \u00e0 la <strong>F\u00e9d\u00e9ration Fran\u00e7aise des Pratiques Alternatives Professionnelles<\/strong> (FFPAP), \u00e0 ce titre elle a sign\u00e9 un code de d\u00e9ontologie qui repose sur une r\u00e9flexion \u00e9thique et une capacit\u00e9 de discernement, dans l\u2019observance de principe inh\u00e9rent \u00e0 la fonction de praticien. (Vous pouvez lui demander la copie de ce code).<\/p>\n\n\n\n<p><strong>Votre praticienne n\u2019est\u00a0ni m\u00e9decin, ni psychologue, ni psychiatre, ni psychoth\u00e9rapeute. Elle ne pose donc pas de diagnostics, ne soigne pas et ne gu\u00e9rit pas. Ses prestations ne pr\u00e9tendent en aucun cas se substituer \u00e0 un acte m\u00e9dical ou \u00e0 des prescriptions m\u00e9dicamenteuses.  Toute question relevant du domaine m\u00e9dical est \u00e0 poser \u00e0 votre m\u00e9decin traitant.<\/strong><\/p>\n\n\n\n<p><\/p>\n","protected":false},"excerpt":{"rendered":"<p>(c) Ce site a \u00e9t\u00e9 r\u00e9dig\u00e9 par Sandra Delrue VB en 2022. L&#8217;entreprise : Sandra Von Barany, 77, rue Vauban \u00e0 59100 Roubaix. Micro-entreprise EI. Num\u00e9ro de SIREN : 903 499 689 00011 M\u00e9diation : Conform\u00e9ment \u00e0 l\u2019article L. 612-1 du Code de la consommation, le consommateur, sous r\u00e9serve de l\u2019article L.152-2 du code de &hellip; <\/p>\n<p class=\"link-more\"><a href=\"https:\/\/sandradelruevb.com\/index.php\/mentions-legales\/\" class=\"more-link\">Continue reading<span class=\"screen-reader-text\"> &#8220;Mentions l\u00e9gales&#8221;<\/span><\/a><\/p>\n","protected":false},"author":1,"featured_media":0,"parent":0,"menu_order":0,"comment_status":"closed","ping_status":"closed","template":"","meta":{"footnotes":""},"_links":{"self":[{"href":"https:\/\/sandradelruevb.com\/index.php\/wp-json\/wp\/v2\/pages\/91"}],"collection":[{"href":"https:\/\/sandradelruevb.com\/index.php\/wp-json\/wp\/v2\/pages"}],"about":[{"href":"https:\/\/sandradelruevb.com\/index.php\/wp-json\/wp\/v2\/types\/page"}],"author":[{"embeddable":true,"href":"https:\/\/sandradelruevb.com\/index.php\/wp-json\/wp\/v2\/users\/1"}],"replies":[{"embeddable":true,"href":"https:\/\/sandradelruevb.com\/index.php\/wp-json\/wp\/v2\/comments?post=91"}],"version-history":[{"count":3,"href":"https:\/\/sandradelruevb.com\/index.php\/wp-json\/wp\/v2\/pages\/91\/revisions"}],"predecessor-version":[{"id":94,"href":"https:\/\/sandradelruevb.com\/index.php\/wp-json\/wp\/v2\/pages\/91\/revisions\/94"}],"wp:attachment":[{"href":"https:\/\/sandradelruevb.com\/index.php\/wp-json\/wp\/v2\/media?parent=91"}],"curies":[{"name":"wp","href":"https:\/\/api.w.org\/{rel}","templated":true}]}}